{"id":951,"date":"2025-05-30T20:03:21","date_gmt":"2025-05-30T18:03:21","guid":{"rendered":"https:\/\/localhost\/wordpress_musa\/?post_type=product&#038;p=951"},"modified":"2026-04-02T20:25:18","modified_gmt":"2026-04-02T18:25:18","slug":"musa-2-0","status":"publish","type":"product","link":"https:\/\/musa-vaporizer.com\/de\/shop\/musa-2-0\/","title":{"rendered":"MUSA 2.0"},"content":{"rendered":"<p>Available approximately in early April.<\/p>\n<h4 data-start=\"196\" data-end=\"269\"><strong data-start=\"196\" data-end=\"267\">Die MUSA 2.0 - Reiner Geschmack, au\u00dfergew\u00f6hnliches Design<\/strong><\/h4>\n<p><strong>Gesch\u00fctztes Design!<\/strong><\/p>\n<p data-start=\"271\" data-end=\"531\" class=\"translation-block\">Entdecke die <strong data-start=\"284\" data-end=\"296\">MUSA 2.0<\/strong> \u2013 wo durchdachte Ingenieurskunst auf minimalistische Eleganz trifft. Gefertigt f\u00fcr alle, die Leistung und raffiniertes Design sch\u00e4tzen.<br data-start=\"427\" data-end=\"430\">Ein Vaporizer, der nicht nur ein Werkzeug ist, sondern ein handgefertigtes Statement-Piece, das jeden Wohnraum aufwertet.<\/p>\n<hr data-start=\"533\" data-end=\"536\" \/>\n<h2 data-start=\"538\" data-end=\"559\"><strong data-start=\"541\" data-end=\"557\">Kernkonzept<\/strong><\/h2>\n<p data-start=\"560\" data-end=\"871\" class=\"translation-block\">Die MUSA 2.0 ist darauf ausgelegt, ein <strong data-start=\"595\" data-end=\"631\">pures, authentisches Terpen-Geschmackserlebnis<\/strong> zu liefern \u2013 eine durchdachte Kombination aus <strong data-start=\"683\" data-end=\"749\">Glas, Edelstahl in Medizinqualit\u00e4t und nat\u00fcrlichen Holzakzenten<\/strong>.<br data-start=\"750\" data-end=\"753\">Jede Designentscheidung stellt Geschmack, Zuverl\u00e4ssigkeit und \u00e4sthetische Sch\u00f6nheit in den Mittelpunkt \u2013 und bleibt dabei zugleich praktisch und benutzerfreundlich.<\/p>\n<p data-start=\"873\" data-end=\"901\">Dieses Design wurde entwickelt, um Folgendes zu bieten:<\/p>\n<ul data-start=\"902\" data-end=\"1347\">\n<li data-start=\"902\" data-end=\"991\">\n<p data-start=\"904\" data-end=\"991\">Reiner, vollspektraler Geschmack dank eines reinen Glas- und Edelstahl-Dampfwegs<\/p>\n<\/li>\n<li data-start=\"992\" data-end=\"1048\">\n<p data-start=\"994\" data-end=\"1048\">Gleichm\u00e4\u00dfige Hitzeverteilung ohne Hotspots oder verbrannten Geschmack<\/p>\n<\/li>\n<li data-start=\"1106\" data-end=\"1148\">\n<p data-start=\"1108\" data-end=\"1148\">Schnelles Aufheizen \u2013 einsatzbereit, sobald du es bist<\/p>\n<\/li>\n<li data-start=\"1149\" data-end=\"1204\">\n<p data-start=\"1151\" data-end=\"1204\">Vom Nutzer austauschbare Teile \u2013 f\u00fcr nachhaltige, langfristige Nutzung<\/p>\n<\/li>\n<li data-start=\"1205\" data-end=\"1288\">\n<p data-start=\"1207\" data-end=\"1288\">Visuelles Feedback mit integriertem Spotlight, um deine Session in Echtzeit zu \u00fcberwachen<\/p>\n<\/li>\n<li data-start=\"1289\" data-end=\"1347\">\n<p data-start=\"1291\" data-end=\"1347\">Adaptable for micro and moderate loads (0.05\u20130.4\u202fg)<\/p>\n<\/li>\n<\/ul>\n<hr data-start=\"1349\" data-end=\"1352\" \/>\n<h2 data-start=\"1354\" data-end=\"1387\"><strong data-start=\"1357\" data-end=\"1387\">Technische Spezifikationen (wichtige Details)<\/strong><\/h2>\n<div class=\"_tableContainer_16hzy_1\">\n<div class=\"_tableWrapper_16hzy_14 group flex w-fit flex-col-reverse\" tabindex=\"-1\">\n<table class=\"w-fit min-w-(--thread-content-width)\" data-start=\"1389\" data-end=\"2794\">\n<thead data-start=\"1389\" data-end=\"1497\">\n<tr data-start=\"1389\" data-end=\"1497\">\n<th data-start=\"1389\" data-end=\"1412\" data-col-size=\"sm\">Feature<\/th>\n<th data-start=\"1412\" data-end=\"1497\" data-col-size=\"md\">Details<\/th>\n<\/tr>\n<\/thead>\n<tbody data-start=\"1606\" data-end=\"2794\">\n<tr data-start=\"1606\" data-end=\"1713\">\n<td data-start=\"1606\" data-end=\"1628\" data-col-size=\"sm\">Heizelement<\/td>\n<td data-col-size=\"md\" data-start=\"1628\" data-end=\"1713\">Halogenheizung \u2013 schnelles, gleichm\u00e4\u00dfiges Aufheizen und lange Lebensdauer<\/td>\n<\/tr>\n<tr data-start=\"1714\" data-end=\"1821\">\n<td data-start=\"1714\" data-end=\"1736\" data-col-size=\"sm\">Energieverbrauch<\/td>\n<td data-col-size=\"md\" data-start=\"1736\" data-end=\"1821\">~14\u202fW bei Spitzentemperatur \u2013 Energiesparend und dennoch leistungsstark<\/td>\n<\/tr>\n<tr data-start=\"1822\" data-end=\"1929\">\n<td data-start=\"1822\" data-end=\"1844\" data-col-size=\"sm\">Aufheizzeit<\/td>\n<td data-col-size=\"md\" data-start=\"1844\" data-end=\"1929\">~10 Minuten<\/td>\n<\/tr>\n<tr data-start=\"1930\" data-end=\"2037\">\n<td data-start=\"1930\" data-end=\"1952\" data-col-size=\"sm\">Bowlkapazit\u00e4t<\/td>\n<td data-col-size=\"md\" data-start=\"1952\" data-end=\"2037\">Einstellbar; verarbeitet ca. 0,05\u20130,4 g (ideal f\u00fcr Mikro- und moderate Sessions)<\/td>\n<\/tr>\n<tr data-start=\"2038\" data-end=\"2145\">\n<td data-start=\"2038\" data-end=\"2060\" data-col-size=\"sm\">Airflow<\/td>\n<td data-col-size=\"md\" data-start=\"2060\" data-end=\"2145\">Offener Durchzug, keine Restriktion<\/td>\n<\/tr>\n<tr data-start=\"2146\" data-end=\"2253\">\n<td data-start=\"2146\" data-end=\"2168\" data-col-size=\"sm\">Materialien<\/td>\n<td data-col-size=\"md\" data-start=\"2168\" data-end=\"2253\">Edelstahl in Medizinqualit\u00e4t, pr\u00e4ziser Glas-Dampfweg, echte Holzakzente<\/td>\n<\/tr>\n<tr data-start=\"2254\" data-end=\"2362\">\n<td data-start=\"2254\" data-end=\"2276\" data-col-size=\"sm\">Visuelles Feedback<\/td>\n<td data-col-size=\"md\" data-start=\"2276\" data-end=\"2362\">Halogen-Spotlight beleuchtet das Kr\u00e4utermaterial sanft f\u00fcr perfekte Kontrolle<\/td>\n<\/tr>\n<tr data-start=\"2363\" data-end=\"2470\">\n<td data-start=\"2363\" data-end=\"2385\" data-col-size=\"sm\">Formfaktor<\/td>\n<td data-col-size=\"md\" data-start=\"2385\" data-end=\"2470\">Kompaktes, tragbares Desktop-Design \u2013 unauff\u00e4llig genug f\u00fcr den Nachttischgebrauch<\/td>\n<\/tr>\n<tr data-start=\"2471\" data-end=\"2578\">\n<td data-start=\"2471\" data-end=\"2493\" data-col-size=\"sm\">Off-label use<\/td>\n<td data-col-size=\"md\" data-start=\"2493\" data-end=\"2578\">Kompatibel mit Akku-\/Box-Mod (off-label)<\/td>\n<\/tr>\n<tr data-start=\"2579\" data-end=\"2686\">\n<td data-start=\"2579\" data-end=\"2601\" data-col-size=\"sm\">Benutzerwartung<\/td>\n<td data-col-size=\"md\" data-start=\"2601\" data-end=\"2686\">Heizelement und Glasbestandteile leicht austauschbar und kosteng\u00fcnstig<\/td>\n<\/tr>\n<tr data-start=\"2687\" data-end=\"2794\">\n<td data-start=\"2687\" data-end=\"2709\" data-col-size=\"sm\">Holzoptionen<\/td>\n<td data-col-size=\"md\" data-start=\"2709\" data-end=\"2794\">Erh\u00e4ltlich in Walnuss- und Kirschholz<\/td>\n<\/tr>\n<\/tbody>\n<\/table>\n<div class=\"sticky end-(--thread-content-margin) h-0 self-end select-none\">\n<div class=\"absolute end-0 flex items-end\"><\/div>\n<\/div>\n<\/div>\n<\/div>\n<hr data-start=\"2796\" data-end=\"2799\" \/>\n<h2 data-start=\"2801\" data-end=\"2831\"><strong data-start=\"2804\" data-end=\"2831\">Was es einzigartig macht<\/strong><\/h2>\n<p data-start=\"2833\" data-end=\"3973\">\u2705 <strong data-start=\"2835\" data-end=\"2865\">Reiner, unverf\u00e4lschter Geschmack<\/strong>: Nur Edelstahl und Glas ber\u00fchren deine Kr\u00e4uter; nat\u00fcrliches Holz verleiht dem Design W\u00e4rme, ohne den Geschmack zu beeinflussen<br data-start=\"2979\" data-end=\"2982\" \/>\u2705 <strong data-start=\"2984\" data-end=\"3010\">Gleichm\u00e4\u00dfige W\u00e4rmeverteilung<\/strong>: Entwickelt, um Hotspots zu vermeiden und eine gleichm\u00e4\u00dfige, ausgewogene Extraktion vom ersten bis zum letzten Zug zu gew\u00e4hrleisten<br data-start=\"3103\" data-end=\"3106\" \/>\u2705 <strong data-start=\"3108\" data-end=\"3128\">Energieeffizient<\/strong>: Verbraucht nur \\~14 W bei Spitzentemperatur \u2013 bietet Leistung und spart gleichzeitig Energie<br data-start=\"3215\" data-end=\"3218\" \/>\u2705 <strong data-start=\"3220\" data-end=\"3237\">Schnelles Aufheizen<\/strong>: Bereit zur Verwendung in etwa 10 Minuten. (Bei voller Temperatur, Aufheizzeit verk\u00fcrzt)<br data-start=\"3272\" data-end=\"3275\" \/>\u2705 <strong data-start=\"3277\" data-end=\"3311\">M\u00fcheloser Zug &amp; dichte Wolken<\/strong>: Offene Luftzufuhr sorgt f\u00fcr dichten, geschmackvollen Dampf bei minimalem Aufwand<br data-start=\"3378\" data-end=\"3381\" \/>\u2705 <strong data-start=\"3383\" data-end=\"3407\">Integriertes Spotlight<\/strong>: \u00dcberwache deine Bowl in Echtzeit, um jede Session zu perfektionieren<br data-start=\"3473\" data-end=\"3476\" \/>\u2705 <strong data-start=\"3478\" data-end=\"3504\">Komplett benutzerfreundlich wartbar<\/strong>: Heizelement und Glas k\u00f6nnen einfach und kosteng\u00fcnstig ausgetauscht werden<br data-start=\"3570\" data-end=\"3573\" \/>\u2705 <strong data-start=\"3575\" data-end=\"3598\">Kompakt und elegant<\/strong>: Kleine Stellfl\u00e4che macht es ideal f\u00fcr Schreibtische, Couchtische oder als Nachttisch-Vaporizer<br data-start=\"3681\" data-end=\"3684\" \/>\u2705 <strong data-start=\"3686\" data-end=\"3706\">Vielseitige Dosierung<\/strong>: Ideal f\u00fcr Mikro- und moderate Sessions gleicherma\u00dfen (0,05\u20130,4 g).<br data-start=\"3872\" data-end=\"3875\" \/>\u2705 <strong data-start=\"3877\" data-end=\"3907\">Handgefertigtes Holzgeh\u00e4use<\/strong>: Wahlweise Walnuss- oder Kirschholz, jeweils mit eigenem Charakter<\/p>\n<hr data-start=\"3975\" data-end=\"3978\" \/>\n<h3 data-start=\"68\" data-end=\"84\">Lieferumfang:<\/h3>\n<ul data-start=\"86\" data-end=\"247\">\n<li data-start=\"86\" data-end=\"124\">\n<p data-start=\"88\" data-end=\"124\">MUSA 2.0 Thermisches Extraktionsger\u00e4t<\/p>\n<\/li>\n<li data-start=\"125\" data-end=\"146\">\n<p data-start=\"127\" data-end=\"146\">14,5mm Schliff Glasbowl<\/p>\n<\/li>\n<li data-start=\"147\" data-end=\"171\">\n<p data-start=\"149\" data-end=\"171\">Magnetischer Edelstahlstand<\/p>\n<\/li>\n<li data-start=\"172\" data-end=\"194\">\n<p data-start=\"174\" data-end=\"194\">9V 5A Netzteil<br \/>\n<em>(EU- oder US-Version, je nach Verf\u00fcgbarkeit. Bitte einen Adapter bereithalten)<\/em><\/p>\n<\/li>\n<li data-start=\"195\" data-end=\"221\">\n<p data-start=\"197\" data-end=\"221\">Temperaturregler<\/p>\n<\/li>\n<li data-start=\"222\" data-end=\"247\">\n<p data-start=\"224\" data-end=\"247\">Benutzeranleitung (Englisch)<\/p>\n<\/li>\n<\/ul>\n<p data-start=\"249\" data-end=\"262\"><strong data-start=\"249\" data-end=\"260\">Extras:<\/strong><\/p>\n<ul data-start=\"263\" data-end=\"298\">\n<li data-start=\"263\" data-end=\"280\">\n<p data-start=\"265\" data-end=\"280\">\u00d820mm Siebe<\/p>\n<\/li>\n<li data-start=\"281\" data-end=\"298\">\n<p data-start=\"283\" data-end=\"298\">R\u00fchr-Werkzeug<\/p>\n<\/li>\n<\/ul>\n<p><em>(Wasserfilter nicht enthalten, aber notwendig f\u00fcr die Benutzung)<\/em><\/p>\n<div class=\"ast-oembed-container\" style=\"height: 100%;\"><iframe title=\"MUSA 2.0 Desktop Vaporizer 2024\" width=\"500\" height=\"281\" src=\"https:\/\/www.youtube.com\/embed\/ETLNHlub50Q?feature=oembed\" frameborder=\"0\" allow=\"accelerometer; autoplay; clipboard-write; encrypted-media; gyroscope; picture-in-picture; web-share\" referrerpolicy=\"strict-origin-when-cross-origin\" allowfullscreen><\/iframe><\/div>","protected":false},"excerpt":{"rendered":"<p>Available approximately in early April. Introducing the MUSA 2.0 Vaporizer \u2013 Pure Taste, Exceptional Design Registered Design! Discover the MUSA [&hellip;]<\/p>\n","protected":false},"featured_media":2523,"comment_status":"open","ping_status":"closed","template":"","meta":{"site-sidebar-layout":"default","site-content-layout":"","ast-site-content-layout":"default","site-content-style":"default","site-sidebar-style":"default","ast-global-header-display":"","ast-banner-title-visibility":"","ast-main-header-display":"","ast-hfb-above-header-display":"","ast-hfb-below-header-display":"","ast-hfb-mobile-header-display":"","site-post-title":"","ast-breadcrumbs-content":"","ast-featured-img":"","footer-sml-layout":"","ast-disable-related-posts":"","theme-transparent-header-meta":"default","adv-header-id-meta":"","stick-header-meta":"","header-above-stick-meta":"","header-main-stick-meta":"","header-below-stick-meta":"","astra-migrate-meta-layouts":"set","ast-page-background-enabled":"default","ast-page-background-meta":{"desktop":{"background-color":"var(--ast-global-color-5)","background-image":"","background-repeat":"repeat","background-position":"center center","background-size":"auto","background-attachment":"scroll","background-type":"","background-media":"","overlay-type":"","overlay-color":"","overlay-opacity":"","overlay-gradient":""},"tablet":{"background-color":"","background-image":"","background-repeat":"repeat","background-position":"center center","background-size":"auto","background-attachment":"scroll","background-type":"","background-media":"","overlay-type":"","overlay-color":"","overlay-opacity":"","overlay-gradient":""},"mobile":{"background-color":"","background-image":"","background-repeat":"repeat","background-position":"center center","background-size":"auto","background-attachment":"scroll","background-type":"","background-media":"","overlay-type":"","overlay-color":"","overlay-opacity":"","overlay-gradient":""}},"ast-content-background-meta":{"desktop":{"background-color":"var(--ast-global-color-4)","background-image":"","background-repeat":"repeat","background-position":"center center","background-size":"auto","background-attachment":"scroll","background-type":"","background-media":"","overlay-type":"","overlay-color":"","overlay-opacity":"","overlay-gradient":""},"tablet":{"background-color":"var(--ast-global-color-4)","background-image":"","background-repeat":"repeat","background-position":"center center","background-size":"auto","background-attachment":"scroll","background-type":"","background-media":"","overlay-type":"","overlay-color":"","overlay-opacity":"","overlay-gradient":""},"mobile":{"background-color":"var(--ast-global-color-4)","background-image":"","background-repeat":"repeat","background-position":"center center","background-size":"auto","background-attachment":"scroll","background-type":"","background-media":"","overlay-type":"","overlay-color":"","overlay-opacity":"","overlay-gradient":""}},"iawp_total_views":2495},"product_brand":[],"product_cat":[39],"product_tag":[],"class_list":{"0":"post-951","1":"product","2":"type-product","3":"status-publish","4":"has-post-thumbnail","6":"product_cat-desktop-vaporizer","7":"desktop-align-left","8":"tablet-align-left","9":"mobile-align-left","11":"first","12":"outofstock","13":"shipping-taxable","14":"purchasable","15":"product-type-variable"},"yoast_head":"<!-- This site is optimized with the Yoast SEO plugin v27.4 - https:\/\/yoast.com\/product\/yoast-seo-wordpress\/ -->\n<title>MUSA 2.0 |<\/title>\n<meta name=\"description\" content=\"Discover MUSA devices \u2013 high-quality, hand-crafted vaporizers designed for smooth, flavorful vapor, easy operation, and a premium experience for every user.\" \/>\n<meta name=\"robots\" content=\"index, follow, max-snippet:-1, max-image-preview:large, max-video-preview:-1\" \/>\n<link rel=\"canonical\" href=\"https:\/\/musa-vaporizer.com\/de\/shop\/musa-2-0\/\" \/>\n<meta property=\"og:locale\" content=\"de_DE\" \/>\n<meta property=\"og:type\" content=\"article\" \/>\n<meta property=\"og:title\" content=\"MUSA 2.0 |\" \/>\n<meta property=\"og:description\" content=\"Discover MUSA devices \u2013 high-quality, hand-crafted vaporizers designed for smooth, flavorful vapor, easy operation, and a premium experience for every user.\" \/>\n<meta property=\"og:url\" content=\"https:\/\/musa-vaporizer.com\/de\/shop\/musa-2-0\/\" \/>\n<meta property=\"article:modified_time\" content=\"2026-04-02T18:25:18+00:00\" \/>\n<meta property=\"og:image\" content=\"https:\/\/musa-vaporizer.com\/wp-content\/uploads\/2025\/05\/IMG_20250819_163424-1-scaled.jpg\" \/>\n\t<meta property=\"og:image:width\" content=\"2560\" \/>\n\t<meta property=\"og:image:height\" content=\"1706\" \/>\n\t<meta property=\"og:image:type\" content=\"image\/jpeg\" \/>\n<meta name=\"twitter:card\" content=\"summary_large_image\" \/>\n<meta name=\"twitter:label1\" content=\"Gesch\u00e4tzte Lesezeit\" \/>\n\t<meta name=\"twitter:data1\" content=\"3\u00a0Minuten\" \/>\n<script type=\"application\/ld+json\" class=\"yoast-schema-graph\">{\"@context\":\"https:\\\/\\\/schema.org\",\"@graph\":[{\"@type\":\"WebPage\",\"@id\":\"https:\\\/\\\/musa-vaporizer.com\\\/shop\\\/musa-2-0\\\/\",\"url\":\"https:\\\/\\\/musa-vaporizer.com\\\/shop\\\/musa-2-0\\\/\",\"name\":\"MUSA 2.0 |\",\"isPartOf\":{\"@id\":\"https:\\\/\\\/musa-vaporizer.com\\\/#website\"},\"primaryImageOfPage\":{\"@id\":\"https:\\\/\\\/musa-vaporizer.com\\\/shop\\\/musa-2-0\\\/#primaryimage\"},\"image\":{\"@id\":\"https:\\\/\\\/musa-vaporizer.com\\\/shop\\\/musa-2-0\\\/#primaryimage\"},\"thumbnailUrl\":\"https:\\\/\\\/musa-vaporizer.com\\\/wp-content\\\/uploads\\\/2025\\\/05\\\/IMG_20250819_163424-1-scaled.jpg\",\"datePublished\":\"2025-05-30T18:03:21+00:00\",\"dateModified\":\"2026-04-02T18:25:18+00:00\",\"description\":\"Discover MUSA devices \u2013 high-quality, hand-crafted vaporizers designed for smooth, flavorful vapor, easy operation, and a premium experience for every user.\",\"breadcrumb\":{\"@id\":\"https:\\\/\\\/musa-vaporizer.com\\\/shop\\\/musa-2-0\\\/#breadcrumb\"},\"inLanguage\":\"de\",\"potentialAction\":[{\"@type\":\"ReadAction\",\"target\":[\"https:\\\/\\\/musa-vaporizer.com\\\/shop\\\/musa-2-0\\\/\"]}]},{\"@type\":\"ImageObject\",\"inLanguage\":\"de\",\"@id\":\"https:\\\/\\\/musa-vaporizer.com\\\/shop\\\/musa-2-0\\\/#primaryimage\",\"url\":\"https:\\\/\\\/musa-vaporizer.com\\\/wp-content\\\/uploads\\\/2025\\\/05\\\/IMG_20250819_163424-1-scaled.jpg\",\"contentUrl\":\"https:\\\/\\\/musa-vaporizer.com\\\/wp-content\\\/uploads\\\/2025\\\/05\\\/IMG_20250819_163424-1-scaled.jpg\",\"width\":2560,\"height\":1706},{\"@type\":\"BreadcrumbList\",\"@id\":\"https:\\\/\\\/musa-vaporizer.com\\\/shop\\\/musa-2-0\\\/#breadcrumb\",\"itemListElement\":[{\"@type\":\"ListItem\",\"position\":1,\"name\":\"Home\",\"item\":\"https:\\\/\\\/musa-vaporizer.com\\\/\"},{\"@type\":\"ListItem\",\"position\":2,\"name\":\"Shop\",\"item\":\"https:\\\/\\\/musa-vaporizer.com\\\/shop\\\/\"},{\"@type\":\"ListItem\",\"position\":3,\"name\":\"MUSA 2.0\"}]},{\"@type\":\"WebSite\",\"@id\":\"https:\\\/\\\/musa-vaporizer.com\\\/#website\",\"url\":\"https:\\\/\\\/musa-vaporizer.com\\\/\",\"name\":\"\",\"description\":\"MUSA - Premium Thermal Extraction\",\"potentialAction\":[{\"@type\":\"SearchAction\",\"target\":{\"@type\":\"EntryPoint\",\"urlTemplate\":\"https:\\\/\\\/musa-vaporizer.com\\\/?s={search_term_string}\"},\"query-input\":{\"@type\":\"PropertyValueSpecification\",\"valueRequired\":true,\"valueName\":\"search_term_string\"}}],\"inLanguage\":\"de\"}]}<\/script>\n<!-- \/ Yoast SEO plugin. -->","yoast_head_json":{"title":"MUSA 2.0 |","description":"Discover MUSA devices \u2013 high-quality, hand-crafted vaporizers designed for smooth, flavorful vapor, easy operation, and a premium experience for every user.","robots":{"index":"index","follow":"follow","max-snippet":"max-snippet:-1","max-image-preview":"max-image-preview:large","max-video-preview":"max-video-preview:-1"},"canonical":"https:\/\/musa-vaporizer.com\/de\/shop\/musa-2-0\/","og_locale":"de_DE","og_type":"article","og_title":"MUSA 2.0 |","og_description":"Discover MUSA devices \u2013 high-quality, hand-crafted vaporizers designed for smooth, flavorful vapor, easy operation, and a premium experience for every user.","og_url":"https:\/\/musa-vaporizer.com\/de\/shop\/musa-2-0\/","article_modified_time":"2026-04-02T18:25:18+00:00","og_image":[{"width":2560,"height":1706,"url":"https:\/\/musa-vaporizer.com\/wp-content\/uploads\/2025\/05\/IMG_20250819_163424-1-scaled.jpg","type":"image\/jpeg"}],"twitter_card":"summary_large_image","twitter_misc":{"Gesch\u00e4tzte Lesezeit":"3\u00a0Minuten"},"schema":{"@context":"https:\/\/schema.org","@graph":[{"@type":"WebPage","@id":"https:\/\/musa-vaporizer.com\/shop\/musa-2-0\/","url":"https:\/\/musa-vaporizer.com\/shop\/musa-2-0\/","name":"MUSA 2.0 |","isPartOf":{"@id":"https:\/\/musa-vaporizer.com\/#website"},"primaryImageOfPage":{"@id":"https:\/\/musa-vaporizer.com\/shop\/musa-2-0\/#primaryimage"},"image":{"@id":"https:\/\/musa-vaporizer.com\/shop\/musa-2-0\/#primaryimage"},"thumbnailUrl":"https:\/\/musa-vaporizer.com\/wp-content\/uploads\/2025\/05\/IMG_20250819_163424-1-scaled.jpg","datePublished":"2025-05-30T18:03:21+00:00","dateModified":"2026-04-02T18:25:18+00:00","description":"Discover MUSA devices \u2013 high-quality, hand-crafted vaporizers designed for smooth, flavorful vapor, easy operation, and a premium experience for every user.","breadcrumb":{"@id":"https:\/\/musa-vaporizer.com\/shop\/musa-2-0\/#breadcrumb"},"inLanguage":"de","potentialAction":[{"@type":"ReadAction","target":["https:\/\/musa-vaporizer.com\/shop\/musa-2-0\/"]}]},{"@type":"ImageObject","inLanguage":"de","@id":"https:\/\/musa-vaporizer.com\/shop\/musa-2-0\/#primaryimage","url":"https:\/\/musa-vaporizer.com\/wp-content\/uploads\/2025\/05\/IMG_20250819_163424-1-scaled.jpg","contentUrl":"https:\/\/musa-vaporizer.com\/wp-content\/uploads\/2025\/05\/IMG_20250819_163424-1-scaled.jpg","width":2560,"height":1706},{"@type":"BreadcrumbList","@id":"https:\/\/musa-vaporizer.com\/shop\/musa-2-0\/#breadcrumb","itemListElement":[{"@type":"ListItem","position":1,"name":"Home","item":"https:\/\/musa-vaporizer.com\/"},{"@type":"ListItem","position":2,"name":"Shop","item":"https:\/\/musa-vaporizer.com\/shop\/"},{"@type":"ListItem","position":3,"name":"MUSA 2.0"}]},{"@type":"WebSite","@id":"https:\/\/musa-vaporizer.com\/#website","url":"https:\/\/musa-vaporizer.com\/","name":"","description":"MUSA - Premium Thermal Extraction","potentialAction":[{"@type":"SearchAction","target":{"@type":"EntryPoint","urlTemplate":"https:\/\/musa-vaporizer.com\/?s={search_term_string}"},"query-input":{"@type":"PropertyValueSpecification","valueRequired":true,"valueName":"search_term_string"}}],"inLanguage":"de"}]}},"_links":{"self":[{"href":"https:\/\/musa-vaporizer.com\/de\/wp-json\/wp\/v2\/product\/951","targetHints":{"allow":["GET"]}}],"collection":[{"href":"https:\/\/musa-vaporizer.com\/de\/wp-json\/wp\/v2\/product"}],"about":[{"href":"https:\/\/musa-vaporizer.com\/de\/wp-json\/wp\/v2\/types\/product"}],"replies":[{"embeddable":true,"href":"https:\/\/musa-vaporizer.com\/de\/wp-json\/wp\/v2\/comments?post=951"}],"wp:featuredmedia":[{"embeddable":true,"href":"https:\/\/musa-vaporizer.com\/de\/wp-json\/wp\/v2\/media\/2523"}],"wp:attachment":[{"href":"https:\/\/musa-vaporizer.com\/de\/wp-json\/wp\/v2\/media?parent=951"}],"wp:term":[{"taxonomy":"product_brand","embeddable":true,"href":"https:\/\/musa-vaporizer.com\/de\/wp-json\/wp\/v2\/product_brand?post=951"},{"taxonomy":"product_cat","embeddable":true,"href":"https:\/\/musa-vaporizer.com\/de\/wp-json\/wp\/v2\/product_cat?post=951"},{"taxonomy":"product_tag","embeddable":true,"href":"https:\/\/musa-vaporizer.com\/de\/wp-json\/wp\/v2\/product_tag?post=951"}],"curies":[{"name":"wp","href":"https:\/\/api.w.org\/{rel}","templated":true}]}}