{"id":1263,"date":"2025-07-21T18:34:45","date_gmt":"2025-07-21T16:34:45","guid":{"rendered":"https:\/\/localhost\/wordpress_musa\/?page_id=1263"},"modified":"2026-04-01T13:03:44","modified_gmt":"2026-04-01T11:03:44","slug":"impressum","status":"publish","type":"page","link":"https:\/\/musa-vaporizer.com\/de\/impressum\/","title":{"rendered":"Legal Notice"},"content":{"rendered":"<div data-elementor-type=\"wp-page\" data-elementor-id=\"1263\" class=\"elementor elementor-1263\">\n\t\t\t\t<div class=\"elementor-element elementor-element-6aa2105 e-flex e-con-boxed e-con e-parent\" data-id=\"6aa2105\" data-element_type=\"container\" data-e-type=\"container\">\n\t\t\t\t\t<div class=\"e-con-inner\">\n\t\t\t\t<div class=\"elementor-element elementor-element-53bbf75 elementor-widget elementor-widget-text-editor\" data-id=\"53bbf75\" data-element_type=\"widget\" data-e-type=\"widget\" data-widget_type=\"text-editor.default\">\n\t\t\t\t<div class=\"elementor-widget-container\">\n\t\t\t\t\t\t\t\t\t<h1 data-start=\"183\" data-end=\"213\"><strong data-start=\"185\" data-end=\"213\">Impressum<\/strong><\/h1><h3 data-start=\"215\" data-end=\"251\">Angaben gem\u00e4\u00df \u00a7\u202f5 TMG<\/h3><p data-start=\"253\" data-end=\"365\"><strong data-start=\"253\" data-end=\"287\">LPH Tec. \u2013 Einzelunternehmen<\/strong><br data-start=\"287\" data-end=\"290\" \/>Owner: Tobias Siferlinger<br data-start=\"315\" data-end=\"318\" \/>Kautseestr. 10<br data-start=\"334\" data-end=\"337\" \/>83093 Bad Endorf<br data-start=\"353\" data-end=\"356\" \/>Kautseestr. 10 \/\n83093 Bad Endorf \/\nDeutschland<\/p><p data-start=\"253\" data-end=\"365\">Email: info@musa-vaporizer.com<\/p><p data-start=\"253\" data-end=\"365\" class=\"translation-block\"><br data-start=\"433\" data-end=\"436\">Sales tax identification number (\u00a7 27a UStG): <strong data-start=\"482\" data-end=\"497\">DE333923970<\/strong><br data-start=\"497\" data-end=\"500\">VAT status: In accordance with \u00a7\u202f19 UStG (German VAT Act), no VAT is charged.<br>WEEE-Reg.-Nr. DE35262056<br>LUCID Registrierungsnummer DE4401569306882.<\/p><p data-start=\"581\" data-end=\"640\" class=\"translation-block\">T\u00e4tig unter dem Firmennamen: LPH Tec.<\/p><hr data-start=\"642\" data-end=\"645\" \/><h3 data-start=\"647\" data-end=\"704\">Verantwortlich f\u00fcr den Inhalt nach \u00a7\u202f55 Abs.\u202f2 RStV<\/h3><p data-start=\"706\" data-end=\"748\" class=\"translation-block\">Tobias Siferlinger<br data-start=\"724\" data-end=\"727\">Adresse wie oben<\/p><hr data-start=\"750\" data-end=\"753\" \/><h3 data-start=\"755\" data-end=\"793\">Streitbeilegung<\/h3><p>Wir sind weder bereit noch verpflichtet, an Streitbeilegungsverfahren vor einer Verbraucherschlichtungsstelle teilzunehmen.<\/p><hr data-start=\"1065\" data-end=\"1068\" \/><h3 data-start=\"1070\" data-end=\"1095\">Haftung f\u00fcr Inhalte<\/h3><p data-start=\"1097\" data-end=\"1379\" class=\"translation-block\">Als Diensteanbieter sind wir gem\u00e4\u00df \u00a7\u202f7 Abs.\u202f1 TMG f\u00fcr eigene Inhalte auf diesen Seiten verantwortlich.<br data-start=\"1203\" data-end=\"1206\">Nach den \u00a7\u00a7\u202f8\u201310 TMG sind wir jedoch nicht verpflichtet, \u00fcbermittelte oder gespeicherte fremde Informationen zu \u00fcberwachen oder nach Umst\u00e4nden zu forschen, die auf eine rechtswidrige T\u00e4tigkeit hinweisen.<\/p><p data-start=\"1381\" data-end=\"1659\" class=\"translation-block\">Pflichten zur Entfernung oder Sperrung der Nutzung von Informationen nach den allgemeinen Gesetzen bleiben unber\u00fchrt.<br data-start=\"1471\" data-end=\"1474\">Eine Haftung in diesem Zusammenhang ist erst ab dem Zeitpunkt der Kenntnis einer konkreten Rechtsverletzung m\u00f6glich.<br data-start=\"1574\" data-end=\"1577\">Bei Bekanntwerden solcher Rechtsverletzungen werden wir die Inhalte umgehend entfernen.<\/p><hr data-start=\"1661\" data-end=\"1664\" \/><h3 data-start=\"1666\" data-end=\"1689\">Haftung f\u00fcr Links<\/h3><p data-start=\"1691\" data-end=\"1945\" class=\"translation-block\">Unsere Website enth\u00e4lt Links zu externen Websites Dritter, auf deren Inhalte wir keinen Einfluss haben.<br data-start=\"1781\" data-end=\"1784\">Daher k\u00f6nnen wir keine Verantwortung f\u00fcr deren Inhalte \u00fcbernehmen.<br data-start=\"1849\" data-end=\"1852\">F\u00fcr die Inhalte der verlinkten Seiten ist stets der jeweilige Anbieter oder Betreiber verantwortlich.<\/p><p data-start=\"1947\" data-end=\"2268\" class=\"translation-block\">Zum Zeitpunkt der Verlinkung wurden diese Websites auf m\u00f6gliche Rechtsverst\u00f6\u00dfe \u00fcberpr\u00fcft, und es wurden keine rechtswidrigen Inhalte festgestellt.<br data-start=\"2067\" data-end=\"2070\">Eine dauerhafte Kontrolle der Inhalte verlinkter Seiten ist ohne konkrete Anhaltspunkte f\u00fcr eine Rechtsverletzung nicht zumutbar.<br data-start=\"2187\" data-end=\"2190\">Bei Bekanntwerden solcher Verst\u00f6\u00dfe werden wir die entsprechenden Links umgehend entfernen.<\/p><hr data-start=\"2270\" data-end=\"2273\" \/><h3 data-start=\"2275\" data-end=\"2295\">Urheberrechtshinweis<\/h3><p data-start=\"2297\" data-end=\"2578\" class=\"translation-block\">Alle Inhalte und Werke, die auf diesen Seiten vom Betreiber erstellt wurden, unterliegen dem deutschen Urheberrecht.<br data-start=\"2399\" data-end=\"2402\">Die Vervielf\u00e4ltigung, Bearbeitung, Verbreitung und jede Art der Verwertung au\u00dferhalb der Grenzen des Urheberrechts bed\u00fcrfen der vorherigen schriftlichen Zustimmung des jeweiligen Autors oder Erstellers.<\/p><p data-start=\"2580\" data-end=\"2818\" class=\"translation-block\">Downloads und Kopien dieser Website sind nur f\u00fcr den privaten, nicht kommerziellen Gebrauch gestattet.<br data-start=\"2668\" data-end=\"2671\">Soweit Inhalte auf dieser Website nicht vom Betreiber erstellt wurden, werden die Urheberrechte Dritter beachtet.<br data-start=\"2780\" data-end=\"2783\">Solche Inhalte sind entsprechend gekennzeichnet.<\/p><p data-start=\"2820\" data-end=\"2964\" class=\"translation-block\">Sollten Sie auf eine Urheberrechtsverletzung aufmerksam werden, informieren Sie uns bitte.<br data-start=\"2888\" data-end=\"2891\">Bei Kenntnis von Verst\u00f6\u00dfen werden wir die entsprechenden Inhalte umgehend entfernen.<\/p><hr data-start=\"2966\" data-end=\"2969\" \/><h3 data-start=\"2971\" data-end=\"2982\">Kontakt<\/h3><p data-start=\"2984\" data-end=\"3085\">For legal inquiries, please contact:<br data-start=\"3020\" data-end=\"3023\" \/>\ud83d\udce7 info@musa-vaporizer.com<\/p>\t\t\t\t\t\t\t\t<\/div>\n\t\t\t\t<\/div>\n\t\t\t\t\t<\/div>\n\t\t\t\t<\/div>\n\t\t\t\t<\/div>","protected":false},"excerpt":{"rendered":"<p>Legal Notice \/ Impressum Information according to \u00a7\u202f5 TMG LPH Tec. \u2013 Sole ProprietorshipOwner: Tobias SiferlingerKautseestr. 1083093 Bad EndorfGermany Email: [&hellip;]<\/p>\n","protected":false},"author":1,"featured_media":0,"parent":0,"menu_order":0,"comment_status":"closed","ping_status":"closed","template":"","meta":{"site-sidebar-layout":"no-sidebar","site-content-layout":"","ast-site-content-layout":"full-width-container","site-content-style":"default","site-sidebar-style":"default","ast-global-header-display":"","ast-banner-title-visibility":"","ast-main-header-display":"","ast-hfb-above-header-display":"","ast-hfb-below-header-display":"","ast-hfb-mobile-header-display":"","site-post-title":"disabled","ast-breadcrumbs-content":"","ast-featured-img":"disabled","footer-sml-layout":"","ast-disable-related-posts":"","theme-transparent-header-meta":"","adv-header-id-meta":"","stick-header-meta":"","header-above-stick-meta":"","header-main-stick-meta":"","header-below-stick-meta":"","astra-migrate-meta-layouts":"default","ast-page-background-enabled":"default","ast-page-background-meta":{"desktop":{"background-color":"var(--ast-global-color-5)","background-image":"","background-repeat":"repeat","background-position":"center center","background-size":"auto","background-attachment":"scroll","background-type":"","background-media":"","overlay-type":"","overlay-color":"","overlay-opacity":"","overlay-gradient":""},"tablet":{"background-color":"","background-image":"","background-repeat":"repeat","background-position":"center center","background-size":"auto","background-attachment":"scroll","background-type":"","background-media":"","overlay-type":"","overlay-color":"","overlay-opacity":"","overlay-gradient":""},"mobile":{"background-color":"","background-image":"","background-repeat":"repeat","background-position":"center center","background-size":"auto","background-attachment":"scroll","background-type":"","background-media":"","overlay-type":"","overlay-color":"","overlay-opacity":"","overlay-gradient":""}},"ast-content-background-meta":{"desktop":{"background-color":"var(--ast-global-color-4)","background-image":"","background-repeat":"repeat","background-position":"center center","background-size":"auto","background-attachment":"scroll","background-type":"","background-media":"","overlay-type":"","overlay-color":"","overlay-opacity":"","overlay-gradient":""},"tablet":{"background-color":"var(--ast-global-color-4)","background-image":"","background-repeat":"repeat","background-position":"center center","background-size":"auto","background-attachment":"scroll","background-type":"","background-media":"","overlay-type":"","overlay-color":"","overlay-opacity":"","overlay-gradient":""},"mobile":{"background-color":"var(--ast-global-color-4)","background-image":"","background-repeat":"repeat","background-position":"center center","background-size":"auto","background-attachment":"scroll","background-type":"","background-media":"","overlay-type":"","overlay-color":"","overlay-opacity":"","overlay-gradient":""}},"iawp_total_views":309,"footnotes":""},"class_list":["post-1263","page","type-page","status-publish","hentry"],"yoast_head":"<!-- This site is optimized with the Yoast SEO plugin v27.4 - https:\/\/yoast.com\/product\/yoast-seo-wordpress\/ -->\n<title>Legal Notice |<\/title>\n<meta name=\"description\" content=\"Discover MUSA devices \u2013 high-quality, hand-crafted vaporizers designed for smooth, flavorful vapor, easy operation, and a premium experience for every user.\" \/>\n<meta name=\"robots\" content=\"index, follow, max-snippet:-1, max-image-preview:large, max-video-preview:-1\" \/>\n<link rel=\"canonical\" href=\"https:\/\/musa-vaporizer.com\/de\/impressum\/\" \/>\n<meta property=\"og:locale\" content=\"de_DE\" \/>\n<meta property=\"og:type\" content=\"article\" \/>\n<meta property=\"og:title\" content=\"Legal Notice |\" \/>\n<meta property=\"og:description\" content=\"Discover MUSA devices \u2013 high-quality, hand-crafted vaporizers designed for smooth, flavorful vapor, easy operation, and a premium experience for every user.\" \/>\n<meta property=\"og:url\" content=\"https:\/\/musa-vaporizer.com\/de\/impressum\/\" \/>\n<meta property=\"article:modified_time\" content=\"2026-04-01T11:03:44+00:00\" \/>\n<meta property=\"og:image\" content=\"https:\/\/musa-vaporizer.com\/wp-content\/uploads\/2025\/07\/cropped-Musa-logo-forum-avatar.jpg\" \/>\n\t<meta property=\"og:image:width\" content=\"512\" \/>\n\t<meta property=\"og:image:height\" content=\"512\" \/>\n\t<meta property=\"og:image:type\" content=\"image\/jpeg\" \/>\n<meta name=\"twitter:card\" content=\"summary_large_image\" \/>\n<meta name=\"twitter:label1\" content=\"Gesch\u00e4tzte Lesezeit\" \/>\n\t<meta name=\"twitter:data1\" content=\"2\u00a0Minuten\" \/>\n<script type=\"application\/ld+json\" class=\"yoast-schema-graph\">{\"@context\":\"https:\\\/\\\/schema.org\",\"@graph\":[{\"@type\":\"WebPage\",\"@id\":\"https:\\\/\\\/musa-vaporizer.com\\\/impressum\\\/\",\"url\":\"https:\\\/\\\/musa-vaporizer.com\\\/impressum\\\/\",\"name\":\"Legal Notice |\",\"isPartOf\":{\"@id\":\"https:\\\/\\\/musa-vaporizer.com\\\/#website\"},\"datePublished\":\"2025-07-21T16:34:45+00:00\",\"dateModified\":\"2026-04-01T11:03:44+00:00\",\"description\":\"Discover MUSA devices \u2013 high-quality, hand-crafted vaporizers designed for smooth, flavorful vapor, easy operation, and a premium experience for every user.\",\"breadcrumb\":{\"@id\":\"https:\\\/\\\/musa-vaporizer.com\\\/impressum\\\/#breadcrumb\"},\"inLanguage\":\"de\",\"potentialAction\":[{\"@type\":\"ReadAction\",\"target\":[\"https:\\\/\\\/musa-vaporizer.com\\\/impressum\\\/\"]}]},{\"@type\":\"BreadcrumbList\",\"@id\":\"https:\\\/\\\/musa-vaporizer.com\\\/impressum\\\/#breadcrumb\",\"itemListElement\":[{\"@type\":\"ListItem\",\"position\":1,\"name\":\"Home\",\"item\":\"https:\\\/\\\/musa-vaporizer.com\\\/\"},{\"@type\":\"ListItem\",\"position\":2,\"name\":\"Legal Notice\"}]},{\"@type\":\"WebSite\",\"@id\":\"https:\\\/\\\/musa-vaporizer.com\\\/#website\",\"url\":\"https:\\\/\\\/musa-vaporizer.com\\\/\",\"name\":\"\",\"description\":\"MUSA - Premium Thermal Extraction\",\"potentialAction\":[{\"@type\":\"SearchAction\",\"target\":{\"@type\":\"EntryPoint\",\"urlTemplate\":\"https:\\\/\\\/musa-vaporizer.com\\\/?s={search_term_string}\"},\"query-input\":{\"@type\":\"PropertyValueSpecification\",\"valueRequired\":true,\"valueName\":\"search_term_string\"}}],\"inLanguage\":\"de\"}]}<\/script>\n<!-- \/ Yoast SEO plugin. -->","yoast_head_json":{"title":"Legal Notice |","description":"Discover MUSA devices \u2013 high-quality, hand-crafted vaporizers designed for smooth, flavorful vapor, easy operation, and a premium experience for every user.","robots":{"index":"index","follow":"follow","max-snippet":"max-snippet:-1","max-image-preview":"max-image-preview:large","max-video-preview":"max-video-preview:-1"},"canonical":"https:\/\/musa-vaporizer.com\/de\/impressum\/","og_locale":"de_DE","og_type":"article","og_title":"Legal Notice |","og_description":"Discover MUSA devices \u2013 high-quality, hand-crafted vaporizers designed for smooth, flavorful vapor, easy operation, and a premium experience for every user.","og_url":"https:\/\/musa-vaporizer.com\/de\/impressum\/","article_modified_time":"2026-04-01T11:03:44+00:00","og_image":[{"width":512,"height":512,"url":"https:\/\/musa-vaporizer.com\/wp-content\/uploads\/2025\/07\/cropped-Musa-logo-forum-avatar.jpg","type":"image\/jpeg"}],"twitter_card":"summary_large_image","twitter_misc":{"Gesch\u00e4tzte Lesezeit":"2\u00a0Minuten"},"schema":{"@context":"https:\/\/schema.org","@graph":[{"@type":"WebPage","@id":"https:\/\/musa-vaporizer.com\/impressum\/","url":"https:\/\/musa-vaporizer.com\/impressum\/","name":"Legal Notice |","isPartOf":{"@id":"https:\/\/musa-vaporizer.com\/#website"},"datePublished":"2025-07-21T16:34:45+00:00","dateModified":"2026-04-01T11:03:44+00:00","description":"Discover MUSA devices \u2013 high-quality, hand-crafted vaporizers designed for smooth, flavorful vapor, easy operation, and a premium experience for every user.","breadcrumb":{"@id":"https:\/\/musa-vaporizer.com\/impressum\/#breadcrumb"},"inLanguage":"de","potentialAction":[{"@type":"ReadAction","target":["https:\/\/musa-vaporizer.com\/impressum\/"]}]},{"@type":"BreadcrumbList","@id":"https:\/\/musa-vaporizer.com\/impressum\/#breadcrumb","itemListElement":[{"@type":"ListItem","position":1,"name":"Home","item":"https:\/\/musa-vaporizer.com\/"},{"@type":"ListItem","position":2,"name":"Legal Notice"}]},{"@type":"WebSite","@id":"https:\/\/musa-vaporizer.com\/#website","url":"https:\/\/musa-vaporizer.com\/","name":"","description":"MUSA - Premium Thermal Extraction","potentialAction":[{"@type":"SearchAction","target":{"@type":"EntryPoint","urlTemplate":"https:\/\/musa-vaporizer.com\/?s={search_term_string}"},"query-input":{"@type":"PropertyValueSpecification","valueRequired":true,"valueName":"search_term_string"}}],"inLanguage":"de"}]}},"_links":{"self":[{"href":"https:\/\/musa-vaporizer.com\/de\/wp-json\/wp\/v2\/pages\/1263","targetHints":{"allow":["GET"]}}],"collection":[{"href":"https:\/\/musa-vaporizer.com\/de\/wp-json\/wp\/v2\/pages"}],"about":[{"href":"https:\/\/musa-vaporizer.com\/de\/wp-json\/wp\/v2\/types\/page"}],"author":[{"embeddable":true,"href":"https:\/\/musa-vaporizer.com\/de\/wp-json\/wp\/v2\/users\/1"}],"replies":[{"embeddable":true,"href":"https:\/\/musa-vaporizer.com\/de\/wp-json\/wp\/v2\/comments?post=1263"}],"version-history":[{"count":19,"href":"https:\/\/musa-vaporizer.com\/de\/wp-json\/wp\/v2\/pages\/1263\/revisions"}],"predecessor-version":[{"id":3492,"href":"https:\/\/musa-vaporizer.com\/de\/wp-json\/wp\/v2\/pages\/1263\/revisions\/3492"}],"wp:attachment":[{"href":"https:\/\/musa-vaporizer.com\/de\/wp-json\/wp\/v2\/media?parent=1263"}],"curies":[{"name":"wp","href":"https:\/\/api.w.org\/{rel}","templated":true}]}}